{"id":166,"date":"2019-05-26T15:59:32","date_gmt":"2019-05-26T13:59:32","guid":{"rendered":"http:\/\/www.limeproject.eu\/lpwp5\/?page_id=166"},"modified":"2021-10-19T13:25:47","modified_gmt":"2021-10-19T11:25:47","slug":"resources","status":"publish","type":"page","link":"https:\/\/www.limeproject.eu\/es\/resources\/","title":{"rendered":"Recursos"},"content":{"rendered":"<p><\/p>\n<h4><span lang=\"EN\">\u00bfQu\u00e9 es la metodolog\u00eda MEIC?<\/span><\/h4>\n<p>MEIC es una metodolog\u00eda para facilitar la inclusi\u00f3n de los ciudadanos de terceros pa\u00edses, con edades comprendidas entre los 18 y los 29 a\u00f1os, en el mercado laboral, y que implica a grupos de actores socioecon\u00f3micos que cooperan a trav\u00e9s de una mutualizaci\u00f3n de recursos, conocimientos y servicios dentro de un sistema de gesti\u00f3n com\u00fan.<\/p>\n<p>La metodolog\u00eda del MEIC contempla actividades destinadas a establecer la colaboraci\u00f3n y los objetivos compartidos entre los agentes socioecon\u00f3micos, que se dedican a promover la integraci\u00f3n de los nacionales de terceros pa\u00edses en el mercado laboral como elemento de desarrollo local mediante la creaci\u00f3n de <strong>redes de agrupaciones<\/strong> entre los principales interesados p\u00fablicos y privados.<\/p>\n<p>Las agrupaciones de integraci\u00f3n econ\u00f3mica de los migrantes son sumamente participativas y requieren contribuciones constantes definidas en el marco de una estrategia a largo t\u00e9rmino.\u00a0 Al estar vinculados a una zona territorial limitada, como una ciudad o una regi\u00f3n, los MEIC permiten soluciones sensibles al contexto, aprovechando al m\u00e1ximo los puntos fuertes locales y potenciando las debilidades.<\/p>\n<p>El proyecto LIME tiene por finalidad elaborar el <strong>plan de acci\u00f3n estrat\u00e9gico del MEIC italiano y espa\u00f1ol<\/strong>, paralelamente a la ejecuci\u00f3n de dos acciones piloto en Roma y en Madrid.<\/p>","protected":false},"excerpt":{"rendered":"<p>\u00bfQu\u00e9 es la metodolog\u00eda MEIC? MEIC es una metodolog\u00eda para facilitar la inclusi\u00f3n de los ciudadanos de terceros pa\u00edses, con edades comprendidas entre los 18 y los 29 a\u00f1os, en el mercado laboral, y que implica a grupos de actores socioecon\u00f3micos que cooperan a trav\u00e9s de una mutualizaci\u00f3n de recursos, conocimientos y servicios dentro de [&hellip;]<\/p>\n","protected":false},"author":1,"featured_media":0,"parent":0,"menu_order":4,"comment_status":"closed","ping_status":"closed","template":"","meta":[],"_links":{"self":[{"href":"https:\/\/www.limeproject.eu\/es\/wp-json\/wp\/v2\/pages\/166"}],"collection":[{"href":"https:\/\/www.limeproject.eu\/es\/wp-json\/wp\/v2\/pages"}],"about":[{"href":"https:\/\/www.limeproject.eu\/es\/wp-json\/wp\/v2\/types\/page"}],"author":[{"embeddable":true,"href":"https:\/\/www.limeproject.eu\/es\/wp-json\/wp\/v2\/users\/1"}],"replies":[{"embeddable":true,"href":"https:\/\/www.limeproject.eu\/es\/wp-json\/wp\/v2\/comments?post=166"}],"version-history":[{"count":29,"href":"https:\/\/www.limeproject.eu\/es\/wp-json\/wp\/v2\/pages\/166\/revisions"}],"predecessor-version":[{"id":626,"href":"https:\/\/www.limeproject.eu\/es\/wp-json\/wp\/v2\/pages\/166\/revisions\/626"}],"wp:attachment":[{"href":"https:\/\/www.limeproject.eu\/es\/wp-json\/wp\/v2\/media?parent=166"}],"curies":[{"name":"wp","href":"https:\/\/api.w.org\/{rel}","templated":true}]}}